{"id":70,"date":"2021-09-04T13:48:00","date_gmt":"2021-09-04T11:48:00","guid":{"rendered":"http:\/\/audio-com.eu\/?page_id=70"},"modified":"2021-12-05T19:43:01","modified_gmt":"2021-12-05T18:43:01","slug":"aparaty-sluchowe","status":"publish","type":"page","link":"https:\/\/audio-com.eu\/index.php\/aparaty-sluchowe\/","title":{"rendered":"Aparaty s\u0142uchowe"},"content":{"rendered":"\n<div class=\"wp-block-group alignfull has-white-color has-white-background-color has-text-color has-background\"><div class=\"wp-block-group__inner-container is-layout-flow wp-block-group-is-layout-flow\">\n<div class=\"wp-block-group alignfull has-white-color has-white-background-color has-text-color has-background\"><div class=\"wp-block-group__inner-container is-layout-flow wp-block-group-is-layout-flow\">\n<div class=\"wp-block-columns alignwide is-layout-flex wp-container-core-columns-is-layout-9d6595d7 wp-block-columns-is-layout-flex\">\n<div class=\"wp-block-column is-layout-flow wp-block-column-is-layout-flow\">\n<div style=\"height:33px\" aria-hidden=\"true\" class=\"wp-block-spacer\"><\/div>\n\n\n\n<p><\/p>\n\n\n\n<p class=\"has-black-color has-text-color\" style=\"font-size:30px\">Aparaty s\u0142uchowe dla dzieci i doros\u0142ych<\/p>\n\n\n\n<p class=\"has-text-color\" style=\"color:#000000;font-size:30px;line-height:1.1\"><strong><strong><strong>DOPASOWANIE APARATU S\u0141UCHOWEGO<\/strong><\/strong><\/strong><\/p>\n<\/div>\n<\/div>\n\n\n\n<div class=\"wp-block-columns alignwide is-layout-flex wp-container-core-columns-is-layout-9d6595d7 wp-block-columns-is-layout-flex\">\n<div class=\"wp-block-column is-layout-flow wp-block-column-is-layout-flow\" style=\"flex-basis:33.38%\">\n<p class=\"has-black-color has-text-color\">Ka\u017cdy aparat s\u0142uchowy dobiera si\u0119 indywidualnie bior\u0105c pod uwag\u0119 stopie\u0144 i rodzaj ubytku s\u0142uchu, tryb<br>\u017cycia, potrzeby i preferencje pacjenta oraz jego mo\u017cliwo\u015bci finansowe.<br>Aby zapewni\u0107 najlepsze rozwi\u0105zanie istnieje mo\u017cliwo\u015b\u0107  bezp\u0142atnej konsultacji, przymiarki i<br>wypo\u017cyczenia aparatu s\u0142uchowego.<\/p>\n\n\n\n<p class=\"has-text-color has-small-font-size\" style=\"color:#000000\"> <\/p>\n<\/div>\n\n\n\n<div class=\"wp-block-column is-layout-flow wp-block-column-is-layout-flow\" style=\"flex-basis:33%\">\n<div style=\"height:100px\" aria-hidden=\"true\" class=\"wp-block-spacer\"><\/div>\n\n\n\n<figure class=\"wp-block-image size-large\"><img loading=\"lazy\" decoding=\"async\" width=\"1024\" height=\"1024\" src=\"http:\/\/audio-com.eu\/wp-content\/uploads\/2021\/11\/Packshot_Phonak_Audeo_M_13T_SReceiver_050-0519-P3-1024x1024.jpg\" alt=\"\" class=\"wp-image-333\" srcset=\"https:\/\/audio-com.eu\/wp-content\/uploads\/2021\/11\/Packshot_Phonak_Audeo_M_13T_SReceiver_050-0519-P3-1024x1024.jpg 1024w, https:\/\/audio-com.eu\/wp-content\/uploads\/2021\/11\/Packshot_Phonak_Audeo_M_13T_SReceiver_050-0519-P3-300x300.jpg 300w, https:\/\/audio-com.eu\/wp-content\/uploads\/2021\/11\/Packshot_Phonak_Audeo_M_13T_SReceiver_050-0519-P3-150x150.jpg 150w, https:\/\/audio-com.eu\/wp-content\/uploads\/2021\/11\/Packshot_Phonak_Audeo_M_13T_SReceiver_050-0519-P3-768x768.jpg 768w, https:\/\/audio-com.eu\/wp-content\/uploads\/2021\/11\/Packshot_Phonak_Audeo_M_13T_SReceiver_050-0519-P3-1536x1536.jpg 1536w, https:\/\/audio-com.eu\/wp-content\/uploads\/2021\/11\/Packshot_Phonak_Audeo_M_13T_SReceiver_050-0519-P3-2048x2048.jpg 2048w\" sizes=\"auto, (max-width: 1024px) 100vw, 1024px\" \/><\/figure>\n<\/div>\n\n\n\n<div class=\"wp-block-column is-layout-flow wp-block-column-is-layout-flow\" style=\"flex-basis:33.62%\">\n<figure class=\"wp-block-image size-large\"><img loading=\"lazy\" decoding=\"async\" width=\"767\" height=\"1024\" src=\"http:\/\/audio-com.eu\/wp-content\/uploads\/2021\/11\/Motion_S_primax_closeup-767x1024.jpg\" alt=\"\" class=\"wp-image-350\" srcset=\"https:\/\/audio-com.eu\/wp-content\/uploads\/2021\/11\/Motion_S_primax_closeup-767x1024.jpg 767w, https:\/\/audio-com.eu\/wp-content\/uploads\/2021\/11\/Motion_S_primax_closeup-225x300.jpg 225w, https:\/\/audio-com.eu\/wp-content\/uploads\/2021\/11\/Motion_S_primax_closeup-768x1025.jpg 768w, https:\/\/audio-com.eu\/wp-content\/uploads\/2021\/11\/Motion_S_primax_closeup-1151x1536.jpg 1151w, https:\/\/audio-com.eu\/wp-content\/uploads\/2021\/11\/Motion_S_primax_closeup.jpg 1199w\" sizes=\"auto, (max-width: 767px) 100vw, 767px\" \/><\/figure>\n<\/div>\n<\/div>\n\n\n\n<div class=\"wp-block-columns alignwide is-layout-flex wp-container-core-columns-is-layout-9d6595d7 wp-block-columns-is-layout-flex\">\n<div class=\"wp-block-column is-layout-flow wp-block-column-is-layout-flow\" style=\"flex-basis:67%\">\n<figure class=\"wp-block-image size-large is-resized\"><img loading=\"lazy\" decoding=\"async\" src=\"http:\/\/audio-com.eu\/wp-content\/uploads\/2021\/11\/PgUg_RBk-1024x1024.jpeg\" alt=\"\" class=\"wp-image-345\" width=\"431\" height=\"431\" srcset=\"https:\/\/audio-com.eu\/wp-content\/uploads\/2021\/11\/PgUg_RBk-1024x1024.jpeg 1024w, https:\/\/audio-com.eu\/wp-content\/uploads\/2021\/11\/PgUg_RBk-300x300.jpeg 300w, https:\/\/audio-com.eu\/wp-content\/uploads\/2021\/11\/PgUg_RBk-150x150.jpeg 150w, https:\/\/audio-com.eu\/wp-content\/uploads\/2021\/11\/PgUg_RBk-768x768.jpeg 768w, https:\/\/audio-com.eu\/wp-content\/uploads\/2021\/11\/PgUg_RBk-1536x1536.jpeg 1536w, https:\/\/audio-com.eu\/wp-content\/uploads\/2021\/11\/PgUg_RBk.jpeg 2048w\" sizes=\"auto, (max-width: 431px) 100vw, 431px\" \/><\/figure>\n\n\n\n<p><\/p>\n<\/div>\n\n\n\n<div class=\"wp-block-column is-vertically-aligned-center is-layout-flow wp-block-column-is-layout-flow\" style=\"flex-basis:33%\">\n<p class=\"has-black-color has-text-color\"><strong>SERWIS GWARANCYJNY I POGWARANCYJNY<\/strong><\/p>\n\n\n\n<p class=\"has-black-color has-text-color\">Ka\u017cdy aparat s\u0142uchowy zakupiony w naszym gabinecie ma zapewniony serwis gwarancyjny i pogwarancyjny przez okres u\u017cytkowania aparatu. Wymiana cz\u0119\u015bci eksploatacyjnych odbywa si\u0119 na miejscu a&nbsp; naprawy w autoryzowanych serwisach. Wszystkie zakupione aparaty s\u0142uchowe maj\u0105 3letni\u0105 gwarancj\u0119 producenta.<\/p>\n\n\n\n<p class=\"has-black-color has-text-color\"><strong>W naszym gabinecie zapewniamy bezp\u0142atnie:<\/strong><\/p>\n\n\n\n<ul class=\"has-black-color has-text-color wp-block-list\"><li>przegl\u0105d aparatu s\u0142uchowego<\/li><\/ul>\n\n\n\n<ul class=\"has-black-color has-text-color wp-block-list\"><li>czyszczenie aparatu s\u0142uchowego<\/li><li>regulacj\u0119 aparatu s\u0142uchowego wg potrzeb<\/li><li>porady dotycz\u0105ce u\u017cytkowania<\/li><\/ul>\n<\/div>\n<\/div>\n<\/div><\/div>\n\n\n\n<figure class=\"wp-block-image size-full is-resized\"><img loading=\"lazy\" decoding=\"async\" src=\"http:\/\/audio-com.eu\/wp-content\/uploads\/2021\/11\/primax_HA_overview.png\" alt=\"\" class=\"wp-image-354\" width=\"774\" height=\"522\" srcset=\"https:\/\/audio-com.eu\/wp-content\/uploads\/2021\/11\/primax_HA_overview.png 959w, https:\/\/audio-com.eu\/wp-content\/uploads\/2021\/11\/primax_HA_overview-300x203.png 300w, https:\/\/audio-com.eu\/wp-content\/uploads\/2021\/11\/primax_HA_overview-768x519.png 768w\" sizes=\"auto, (max-width: 774px) 100vw, 774px\" \/><\/figure>\n\n\n\n<div class=\"wp-block-group alignfull has-white-background-color has-text-color has-background\" style=\"color:#f3f3f3\"><div class=\"wp-block-group__inner-container is-layout-flow wp-block-group-is-layout-flow\">\n<div class=\"wp-block-columns alignwide is-layout-flex wp-container-core-columns-is-layout-9d6595d7 wp-block-columns-is-layout-flex\">\n<div class=\"wp-block-column is-layout-flow wp-block-column-is-layout-flow\">\n<p class=\"has-text-color\" style=\"color:#000000;font-size:30px;line-height:1.1\"><strong>Wk\u0142adki uszne<\/strong><\/p>\n\n\n\n<div style=\"height:5px\" aria-hidden=\"true\" class=\"wp-block-spacer\"><\/div>\n<\/div>\n<\/div>\n\n\n\n<div class=\"wp-block-columns alignwide is-layout-flex wp-container-core-columns-is-layout-9d6595d7 wp-block-columns-is-layout-flex\">\n<div class=\"wp-block-column is-layout-flow wp-block-column-is-layout-flow\" style=\"flex-basis:33.38%\">\n<p class=\"has-text-color has-extra-small-font-size\" style=\"color:#000000\"><strong>Wk\u0142adki uszne <\/strong>wykonuje si\u0119 na podstawie wycisku ucha i maj\u0105 niepowtarzalny kszta\u0142t. Wk\u0142adki mog\u0105 by\u0107 wykonane z twardego b\u0105d\u017a mi\u0119kkiego materia\u0142u. Zadanie ich polega na prawid\u0142owym utrzymaniu aparatu na uchu.<\/p>\n\n\n\n<p><\/p>\n\n\n\n<p><\/p>\n\n\n\n<p><\/p>\n\n\n\n<p><\/p>\n\n\n\n<p class=\"has-black-color has-text-color\"><\/p>\n<\/div>\n\n\n\n<div class=\"wp-block-column is-layout-flow wp-block-column-is-layout-flow\" style=\"flex-basis:33%\">\n<div style=\"height:100px\" aria-hidden=\"true\" class=\"wp-block-spacer\"><\/div>\n\n\n\n<figure class=\"wp-block-image size-large is-resized\"><img loading=\"lazy\" decoding=\"async\" src=\"http:\/\/audio-com.eu\/wp-content\/uploads\/2021\/11\/ozdoby-040-1024x683.jpg\" alt=\"\" class=\"wp-image-342\" width=\"271\" height=\"180\" srcset=\"https:\/\/audio-com.eu\/wp-content\/uploads\/2021\/11\/ozdoby-040-1024x683.jpg 1024w, https:\/\/audio-com.eu\/wp-content\/uploads\/2021\/11\/ozdoby-040-300x200.jpg 300w, https:\/\/audio-com.eu\/wp-content\/uploads\/2021\/11\/ozdoby-040-768x512.jpg 768w, https:\/\/audio-com.eu\/wp-content\/uploads\/2021\/11\/ozdoby-040-1536x1024.jpg 1536w, https:\/\/audio-com.eu\/wp-content\/uploads\/2021\/11\/ozdoby-040-2048x1365.jpg 2048w\" sizes=\"auto, (max-width: 271px) 100vw, 271px\" \/><\/figure>\n<\/div>\n\n\n\n<div class=\"wp-block-column is-layout-flow wp-block-column-is-layout-flow\" style=\"flex-basis:33.62%\">\n<figure class=\"wp-block-image size-large is-resized\"><img loading=\"lazy\" decoding=\"async\" src=\"http:\/\/audio-com.eu\/wp-content\/uploads\/2021\/11\/kolory-023-1024x683.jpg\" alt=\"\" class=\"wp-image-341\" width=\"469\" height=\"312\" srcset=\"https:\/\/audio-com.eu\/wp-content\/uploads\/2021\/11\/kolory-023-1024x683.jpg 1024w, https:\/\/audio-com.eu\/wp-content\/uploads\/2021\/11\/kolory-023-300x200.jpg 300w, https:\/\/audio-com.eu\/wp-content\/uploads\/2021\/11\/kolory-023-768x512.jpg 768w, https:\/\/audio-com.eu\/wp-content\/uploads\/2021\/11\/kolory-023-1536x1024.jpg 1536w, https:\/\/audio-com.eu\/wp-content\/uploads\/2021\/11\/kolory-023-2048x1365.jpg 2048w\" sizes=\"auto, (max-width: 469px) 100vw, 469px\" \/><\/figure>\n\n\n\n<figure class=\"wp-block-image size-large is-resized\"><img loading=\"lazy\" decoding=\"async\" src=\"http:\/\/audio-com.eu\/wp-content\/uploads\/2021\/12\/ozdoby-115-1024x683.jpg\" alt=\"\" class=\"wp-image-409\" width=\"421\" height=\"281\" srcset=\"https:\/\/audio-com.eu\/wp-content\/uploads\/2021\/12\/ozdoby-115-1024x683.jpg 1024w, https:\/\/audio-com.eu\/wp-content\/uploads\/2021\/12\/ozdoby-115-300x200.jpg 300w, https:\/\/audio-com.eu\/wp-content\/uploads\/2021\/12\/ozdoby-115-768x512.jpg 768w, https:\/\/audio-com.eu\/wp-content\/uploads\/2021\/12\/ozdoby-115-1536x1024.jpg 1536w, https:\/\/audio-com.eu\/wp-content\/uploads\/2021\/12\/ozdoby-115-2048x1365.jpg 2048w\" sizes=\"auto, (max-width: 421px) 100vw, 421px\" \/><\/figure>\n<\/div>\n<\/div>\n\n\n\n<div class=\"wp-block-columns alignwide is-layout-flex wp-container-core-columns-is-layout-9d6595d7 wp-block-columns-is-layout-flex\">\n<div class=\"wp-block-column is-layout-flow wp-block-column-is-layout-flow\" style=\"flex-basis:67%\">\n<div class=\"wp-block-columns is-layout-flex wp-container-core-columns-is-layout-9d6595d7 wp-block-columns-is-layout-flex\">\n<div class=\"wp-block-column is-layout-flow wp-block-column-is-layout-flow\" style=\"flex-basis:100%\">\n<figure class=\"wp-block-image size-large\"><img loading=\"lazy\" decoding=\"async\" width=\"1024\" height=\"683\" src=\"http:\/\/audio-com.eu\/wp-content\/uploads\/2021\/12\/wkladki-023-1-1024x683.jpg\" alt=\"\" class=\"wp-image-410\" srcset=\"https:\/\/audio-com.eu\/wp-content\/uploads\/2021\/12\/wkladki-023-1-1024x683.jpg 1024w, https:\/\/audio-com.eu\/wp-content\/uploads\/2021\/12\/wkladki-023-1-300x200.jpg 300w, https:\/\/audio-com.eu\/wp-content\/uploads\/2021\/12\/wkladki-023-1-768x512.jpg 768w, https:\/\/audio-com.eu\/wp-content\/uploads\/2021\/12\/wkladki-023-1-1536x1024.jpg 1536w, https:\/\/audio-com.eu\/wp-content\/uploads\/2021\/12\/wkladki-023-1-2048x1365.jpg 2048w\" sizes=\"auto, (max-width: 1024px) 100vw, 1024px\" \/><\/figure>\n<\/div>\n<\/div>\n<\/div>\n\n\n\n<div class=\"wp-block-column is-vertically-aligned-center is-layout-flow wp-block-column-is-layout-flow\" style=\"flex-basis:33%\">\n<p class=\"has-black-color has-text-color\"><strong>Wk\u0142adki przeciwha\u0142asowe <\/strong>pe\u0142ni\u0105 funkcj\u0119 ochronn\u0105 przed ekspozycj\u0105 na ha\u0142as. S\u0105 produktem certyfikowanym, zachowuj\u0105 mo\u017cliwo\u015b\u0107 komunikacji.<\/p>\n\n\n\n<p><\/p>\n\n\n\n<p><\/p>\n\n\n\n<p><\/p>\n\n\n\n<p class=\"has-text-color has-extra-small-font-size\" style=\"color:#000000\"><strong>Wk\u0142adki przeciwwodne<\/strong> s\u0105 u\u017cywane przez p\u0142ywak\u00f3w oraz osoby z perforacj\u0105 b\u0142ony b\u0119benkowej przy k\u0105pieli, myciu w\u0142os\u00f3w itp. &#8211; zapewniaj\u0105 doskona\u0142\u0105 szczelno\u015b\u0107.<\/p>\n<\/div>\n<\/div>\n<\/div><\/div>\n\n\n\n<div class=\"wp-block-group alignfull has-black-color has-white-background-color has-text-color has-background\"><div class=\"wp-block-group__inner-container is-layout-flow wp-block-group-is-layout-flow\">\n<div class=\"wp-block-columns alignwide are-vertically-aligned-center is-layout-flex wp-container-core-columns-is-layout-9d6595d7 wp-block-columns-is-layout-flex\">\n<div class=\"wp-block-column is-layout-flow wp-block-column-is-layout-flow\" style=\"flex-basis:50%\">\n<p class=\"has-text-color\" style=\"color:#000000;font-size:30px;line-height:1.1\"><strong>SYSTEMY FM<\/strong><\/p>\n<\/div>\n<\/div>\n\n\n\n<div class=\"wp-block-columns alignwide is-layout-flex wp-container-core-columns-is-layout-9d6595d7 wp-block-columns-is-layout-flex\">\n<div class=\"wp-block-column is-layout-flow wp-block-column-is-layout-flow\">\n<figure class=\"wp-block-image size-full\"><img loading=\"lazy\" decoding=\"async\" width=\"912\" height=\"621\" src=\"http:\/\/audio-com.eu\/wp-content\/uploads\/2021\/12\/1638352035041.png\" alt=\"\" class=\"wp-image-405\" srcset=\"https:\/\/audio-com.eu\/wp-content\/uploads\/2021\/12\/1638352035041.png 912w, https:\/\/audio-com.eu\/wp-content\/uploads\/2021\/12\/1638352035041-300x204.png 300w, https:\/\/audio-com.eu\/wp-content\/uploads\/2021\/12\/1638352035041-768x523.png 768w\" sizes=\"auto, (max-width: 912px) 100vw, 912px\" \/><\/figure>\n<\/div>\n\n\n\n<div class=\"wp-block-column is-layout-flow wp-block-column-is-layout-flow\">\n<p class=\"has-text-color has-extra-small-font-size\" style=\"color:#000000\">Systemy wspomagaj\u0105ce s\u0142yszenie to urz\u0105dzenia wykorzystywane najcz\u0119\u015bciej w szko\u0142ach, podczas szkole\u0144, w restauracjach, biurach. Pozwalaj\u0105 one na uzyskanie lepszego zrozumienia mowy u os\u00f3b nosz\u0105cych aparaty s\u0142uchowe. System sk\u0142ada si\u0119 z nadajnika z mikrofonem i odbiornika wsp\u00f3\u0142pracuj\u0105cego z aparatem s\u0142uchowym.<\/p>\n<\/div>\n<\/div>\n\n\n\n<div style=\"height:40px\" aria-hidden=\"true\" class=\"wp-block-spacer\"><\/div>\n<\/div><\/div>\n<\/div><\/div>\n\n\n\n<p><\/p>\n\n\n\n<figure class=\"wp-block-image size-large\"><img loading=\"lazy\" decoding=\"async\" width=\"1024\" height=\"442\" src=\"http:\/\/audio-com.eu\/wp-content\/uploads\/2021\/12\/Screenshot-2021-12-04-at-10.54.31-1-1024x442.png\" alt=\"\" class=\"wp-image-404\" srcset=\"https:\/\/audio-com.eu\/wp-content\/uploads\/2021\/12\/Screenshot-2021-12-04-at-10.54.31-1-1024x442.png 1024w, https:\/\/audio-com.eu\/wp-content\/uploads\/2021\/12\/Screenshot-2021-12-04-at-10.54.31-1-300x130.png 300w, https:\/\/audio-com.eu\/wp-content\/uploads\/2021\/12\/Screenshot-2021-12-04-at-10.54.31-1-768x332.png 768w, https:\/\/audio-com.eu\/wp-content\/uploads\/2021\/12\/Screenshot-2021-12-04-at-10.54.31-1.png 1458w\" sizes=\"auto, (max-width: 1024px) 100vw, 1024px\" \/><\/figure>\n\n\n\n<p><\/p>\n\n\n\n<p><\/p>\n","protected":false},"excerpt":{"rendered":"<p>Aparaty s\u0142uchowe dla dzieci i doros\u0142ych DOPASOWANIE APARATU S\u0141UCHOWEGO Ka\u017cdy aparat s\u0142uchowy dobiera si\u0119 indywidualnie bior\u0105c pod uwag\u0119 stopie\u0144 i rodzaj ubytku s\u0142uchu, tryb\u017cycia, potrzeby i preferencje pacjenta oraz jego mo\u017cliwo\u015bci finansowe.Aby zapewni\u0107 najlepsze rozwi\u0105zanie istnieje mo\u017cliwo\u015b\u0107 bezp\u0142atnej konsultacji, przymiarki iwypo\u017cyczenia aparatu s\u0142uchowego. SERWIS GWARANCYJNY I POGWARANCYJNY Ka\u017cdy aparat s\u0142uchowy zakupiony w naszym gabinecie ma [&hellip;]<\/p>\n","protected":false},"author":1,"featured_media":0,"parent":0,"menu_order":0,"comment_status":"closed","ping_status":"closed","template":"","meta":{"footnotes":""},"class_list":["post-70","page","type-page","status-publish","hentry"],"_links":{"self":[{"href":"https:\/\/audio-com.eu\/index.php\/wp-json\/wp\/v2\/pages\/70","targetHints":{"allow":["GET"]}}],"collection":[{"href":"https:\/\/audio-com.eu\/index.php\/wp-json\/wp\/v2\/pages"}],"about":[{"href":"https:\/\/audio-com.eu\/index.php\/wp-json\/wp\/v2\/types\/page"}],"author":[{"embeddable":true,"href":"https:\/\/audio-com.eu\/index.php\/wp-json\/wp\/v2\/users\/1"}],"replies":[{"embeddable":true,"href":"https:\/\/audio-com.eu\/index.php\/wp-json\/wp\/v2\/comments?post=70"}],"version-history":[{"count":33,"href":"https:\/\/audio-com.eu\/index.php\/wp-json\/wp\/v2\/pages\/70\/revisions"}],"predecessor-version":[{"id":423,"href":"https:\/\/audio-com.eu\/index.php\/wp-json\/wp\/v2\/pages\/70\/revisions\/423"}],"wp:attachment":[{"href":"https:\/\/audio-com.eu\/index.php\/wp-json\/wp\/v2\/media?parent=70"}],"curies":[{"name":"wp","href":"https:\/\/api.w.org\/{rel}","templated":true}]}}