{"id":444,"date":"2023-03-05T12:04:50","date_gmt":"2023-03-05T11:04:50","guid":{"rendered":"https:\/\/audio-com.eu\/?page_id=444"},"modified":"2023-04-09T20:57:40","modified_gmt":"2023-04-09T18:57:40","slug":"neuroflow","status":"publish","type":"page","link":"https:\/\/audio-com.eu\/index.php\/neuroflow\/","title":{"rendered":"Neuroflow"},"content":{"rendered":"\n<figure class=\"wp-block-image size-full\"><img loading=\"lazy\" decoding=\"async\" width=\"398\" height=\"127\" src=\"https:\/\/audio-com.eu\/wp-content\/uploads\/2023\/03\/image.png\" alt=\"\" class=\"wp-image-456\" srcset=\"https:\/\/audio-com.eu\/wp-content\/uploads\/2023\/03\/image.png 398w, https:\/\/audio-com.eu\/wp-content\/uploads\/2023\/03\/image-300x96.png 300w\" sizes=\"auto, (max-width: 398px) 100vw, 398px\" \/><\/figure>\n\n\n\n<p><\/p>\n\n\n\n<figure class=\"wp-block-embed is-type-rich is-provider-obsluga-osadzania wp-block-embed-obsluga-osadzania wp-embed-aspect-16-9 wp-has-aspect-ratio\"><div class=\"wp-block-embed__wrapper\">\n<div class=\"video-container\"><iframe loading=\"lazy\" title=\"Neuroflow ATS - trening s\u0142uchowy dla dzieci z trudno\u015bciami w uczeniu si\u0119 SHORT\" width=\"900\" height=\"506\" src=\"https:\/\/www.youtube.com\/embed\/hDGDlI1pMiQ?feature=oembed\" frameborder=\"0\" allow=\"accelerometer; autoplay; clipboard-write; encrypted-media; gyroscope; picture-in-picture; web-share\" allowfullscreen><\/iframe><\/div>\n<\/div><\/figure>\n\n\n\n<p><\/p>\n\n\n<div class=\"wp-block-image\">\n<figure class=\"alignright size-full\"><img loading=\"lazy\" decoding=\"async\" width=\"225\" height=\"225\" src=\"https:\/\/audio-com.eu\/wp-content\/uploads\/2023\/04\/image-2.png\" alt=\"\" class=\"wp-image-487\" srcset=\"https:\/\/audio-com.eu\/wp-content\/uploads\/2023\/04\/image-2.png 225w, https:\/\/audio-com.eu\/wp-content\/uploads\/2023\/04\/image-2-150x150.png 150w\" sizes=\"auto, (max-width: 225px) 100vw, 225px\" \/><\/figure>\n<\/div>\n\n\n<p><\/p>\n\n\n\n<p><\/p>\n\n\n\n<p><\/p>\n\n\n\n<p><\/p>\n\n\n\n<p class=\"has-medium-font-size\" style=\"font-style:italic;font-weight:300\">Prawid\u0142owe s\u0142yszenie jest podstaw\u0105 komunikowania si\u0119 i uczenia<\/p>\n\n\n\n<p class=\"has-black-color has-white-background-color has-text-color has-background\" style=\"font-size:18px\">To nie tylko<mark style=\"background-color:rgba(0, 0, 0, 0)\" class=\"has-inline-color has-cyan-bluish-gray-color\"> <\/mark><mark style=\"background-color:rgba(0, 0, 0, 0)\" class=\"has-inline-color has-vivid-cyan-blue-color\"><strong>sprawne funkcjonowanie narz\u0105du s\u0142uchu <\/strong><\/mark>ale tak\u017ce <strong><mark style=\"background-color:rgba(0, 0, 0, 0)\" class=\"has-inline-color has-vivid-cyan-blue-color\">analiza i prawid\u0142owe przetwarzanie d\u017awi\u0119ku na poziomie neuronalnym. <\/mark><\/strong><\/p>\n\n\n\n<p><\/p>\n\n\n<div class=\"wp-block-image\">\n<figure class=\"alignleft size-medium\"><img loading=\"lazy\" decoding=\"async\" width=\"300\" height=\"188\" src=\"https:\/\/audio-com.eu\/wp-content\/uploads\/2023\/04\/IMG_2857-300x188.jpg\" alt=\"\" class=\"wp-image-499\" srcset=\"https:\/\/audio-com.eu\/wp-content\/uploads\/2023\/04\/IMG_2857-300x188.jpg 300w, https:\/\/audio-com.eu\/wp-content\/uploads\/2023\/04\/IMG_2857-1024x642.jpg 1024w, https:\/\/audio-com.eu\/wp-content\/uploads\/2023\/04\/IMG_2857-768x482.jpg 768w, https:\/\/audio-com.eu\/wp-content\/uploads\/2023\/04\/IMG_2857-1536x963.jpg 1536w, https:\/\/audio-com.eu\/wp-content\/uploads\/2023\/04\/IMG_2857-2048x1284.jpg 2048w, https:\/\/audio-com.eu\/wp-content\/uploads\/2023\/04\/IMG_2857-400x250.jpg 400w\" sizes=\"auto, (max-width: 300px) 100vw, 300px\" \/><\/figure>\n<\/div>\n\n\n<p><\/p>\n\n\n\n<p><\/p>\n\n\n\n<p style=\"font-style:italic;font-weight:300\"><strong>GDY DZIECKO S\u0141YSZY ALE NIE ROZUMIE<\/strong><\/p>\n\n\n\n<p>\u2026..nale\u017cy sprawdzi\u0107 czy przyczyn\u0105 tych problem\u00f3w nie s\u0105 zaburzenia przetwarzania s\u0142uchowego APD.<\/p>\n\n\n\n<p>Centralne Zaburzenia Przetwarzania S\u0142uchowego to nieprawid\u0142owe przetwarzanie informacji s\u0142uchowej na poziomie o\u015brodkowego uk\u0142adu nerwowego. Problem taki cz\u0119sto ujawnia si\u0119 u dzieci przedszkolnych i wczesnoszkolnych i jest powodem trudno\u015bci w uczeniu si\u0119.<\/p>\n\n\n\n<p><\/p>\n\n\n\n<p style=\"font-style:italic;font-weight:300\"><strong>OBJAWY<\/strong><\/p>\n\n\n\n<p>Mo\u017cemy podejrzewa\u0107 wyst\u0119powanie zaburze\u0144 APD je\u017celi dziecko:<\/p>\n\n\n\n<p>\u25cb ma trudno\u015bci w nauce czytania i pisania<\/p>\n\n\n\n<p>\u25cb ma trudno\u015bci w nauce j\u0119zyk\u00f3w obcych<\/p>\n\n\n\n<p>\u25cb ma problem z rozumieniem mowy w ha\u0142asie<\/p>\n\n\n\n<p>\u25cb ma op\u00f3\u017aniony rozw\u00f3j mowy, trudno\u015bci artykulacyjne<\/p>\n\n\n\n<p>\u25cb ma trudno\u015bci w skupieniu uwagi<\/p>\n\n\n\n<p>\u25cb ma problem z wykonaniem kilkuetapowych polece\u0144<\/p>\n\n\n\n<p>\u25cb ma k\u0142opot z przyswojeniem tre\u015bci d\u0142u\u017cszej rozmowy<\/p>\n\n\n\n<p>\u25cb myli podobnie brzmi\u0105ce wyrazy<\/p>\n\n\n\n<p>\u25cb wykazuje brak umiej\u0119tno\u015bci muzycznych<\/p>\n\n\n\n<p>\u25cb jest wra\u017cliwe na g\u0142o\u015bne d\u017awi\u0119ki<\/p>\n\n\n\n<p>\u25cb chorowa\u0142o na wysi\u0119kowe zapalenie uszu, lub ma przero\u015bni\u0119ty migda\u0142ek gard\u0142owy<\/p>\n\n\n\n<p>Nale\u017cy w\u00f3wczas sprawdzi\u0107 czy przyczyn\u0105 tych problem\u00f3w nie s\u0105 zaburzenia przetwarzania s\u0142uchowego APD<\/p>\n\n\n\n<p><\/p>\n\n\n\n<p style=\"font-style:italic;font-weight:300\"><strong>DIAGNOSTYKA:<\/strong><\/p>\n\n\n\n<p>Diagnostyka w kierunku zaburze\u0144 przetwarzania s\u0142uchowego APD pozwala sprawdzi\u0107 czy przyczyn\u0105 problem\u00f3w dziecka jest APD.<\/p>\n\n\n\n<p>Nowoczesna diagnostyka oparta jest na zestawie bada\u0144:<\/p>\n\n\n\n<p>\u25cb badanie s\u0142uchu-audiometria tonalna<\/p>\n\n\n\n<p>\u25cb wywiad-kwestionariusz osobowy i ankieta nasilenia objaw\u00f3w<\/p>\n\n\n\n<p>\u25cb bateria test\u00f3w NEUROFLOW- dopasowane do wieku osoby badanej<\/p>\n\n\n\n<p>\u25cb raport z diagnozy-wydruk i om\u00f3wienie wynik\u00f3w<\/p>\n\n\n\n<p><\/p>\n\n\n\n<p><\/p>\n\n\n\n<p><\/p>\n\n\n\n<p><\/p>\n\n\n\n<p><\/p>\n\n\n<div class=\"wp-block-image\">\n<figure class=\"alignleft size-medium is-resized\"><img decoding=\"async\" src=\"https:\/\/audio-com.eu\/wp-content\/uploads\/2023\/04\/IMG_2888-225x300.jpg\" alt=\"\" class=\"wp-image-504\" height=\"296\" srcset=\"https:\/\/audio-com.eu\/wp-content\/uploads\/2023\/04\/IMG_2888-225x300.jpg 225w, https:\/\/audio-com.eu\/wp-content\/uploads\/2023\/04\/IMG_2888-768x1024.jpg 768w, https:\/\/audio-com.eu\/wp-content\/uploads\/2023\/04\/IMG_2888-1152x1536.jpg 1152w, https:\/\/audio-com.eu\/wp-content\/uploads\/2023\/04\/IMG_2888-1536x2048.jpg 1536w, https:\/\/audio-com.eu\/wp-content\/uploads\/2023\/04\/IMG_2888-scaled.jpg 1920w\" sizes=\"(max-width: 225px) 100vw, 225px\" \/><\/figure>\n<\/div>\n\n\n<p><\/p>\n\n\n\n\n\n<p class=\"has-text-align-center\" style=\"font-style:italic;font-weight:300\"><strong>TRENING<\/strong><\/p>\n\n\n\n<p>~Dzi\u0119ki diagnozie mo\u017cna zosta\u0107 zakwalifikowanym do terapii NEUROFLOW, kt\u00f3ra jest form\u0105 aktywnego treningu s\u0142uchowego wykorzystuj\u0105cego neuroplastyczno\u015b\u0107 m\u00f3zgu.<\/p>\n\n\n\n<p>~Terapia jest sprofilowana i dostosowana do dziecka- jego wieku, wynik\u00f3w, podtypu zaburze\u0144 (fonologiczny, uwagowy, integracji lub mieszany)<\/p>\n\n\n\n<p>~Trening NEUROFLOW jest wykonywany w domu lub gabinecie trzy razy w tygodniu po 20-30 minut. Po ka\u017cdym etapie treningu zaleca si\u0119 wykonanie diagnozy kontrolnej dzi\u0119ki kt\u00f3rej zobaczymy post\u0119py dziecka.<\/p>\n\n\n\n\n\n<figure class=\"wp-block-gallery has-nested-images columns-default is-cropped wp-block-gallery-1 is-layout-flex wp-block-gallery-is-layout-flex\"><\/figure>\n\n\n\n\n\n\n\n\n\n\n","protected":false},"excerpt":{"rendered":"<p>Prawid\u0142owe s\u0142yszenie jest podstaw\u0105 komunikowania si\u0119 i uczenia To nie tylko sprawne funkcjonowanie narz\u0105du s\u0142uchu ale tak\u017ce analiza i prawid\u0142owe przetwarzanie d\u017awi\u0119ku na poziomie neuronalnym. GDY DZIECKO S\u0141YSZY ALE NIE ROZUMIE \u2026..nale\u017cy sprawdzi\u0107 czy przyczyn\u0105 tych problem\u00f3w nie s\u0105 zaburzenia przetwarzania s\u0142uchowego APD. Centralne Zaburzenia Przetwarzania S\u0142uchowego to nieprawid\u0142owe przetwarzanie informacji s\u0142uchowej na poziomie o\u015brodkowego [&hellip;]<\/p>\n","protected":false},"author":1,"featured_media":0,"parent":0,"menu_order":0,"comment_status":"closed","ping_status":"closed","template":"","meta":{"footnotes":""},"class_list":["post-444","page","type-page","status-publish","hentry"],"_links":{"self":[{"href":"https:\/\/audio-com.eu\/index.php\/wp-json\/wp\/v2\/pages\/444","targetHints":{"allow":["GET"]}}],"collection":[{"href":"https:\/\/audio-com.eu\/index.php\/wp-json\/wp\/v2\/pages"}],"about":[{"href":"https:\/\/audio-com.eu\/index.php\/wp-json\/wp\/v2\/types\/page"}],"author":[{"embeddable":true,"href":"https:\/\/audio-com.eu\/index.php\/wp-json\/wp\/v2\/users\/1"}],"replies":[{"embeddable":true,"href":"https:\/\/audio-com.eu\/index.php\/wp-json\/wp\/v2\/comments?post=444"}],"version-history":[{"count":32,"href":"https:\/\/audio-com.eu\/index.php\/wp-json\/wp\/v2\/pages\/444\/revisions"}],"predecessor-version":[{"id":519,"href":"https:\/\/audio-com.eu\/index.php\/wp-json\/wp\/v2\/pages\/444\/revisions\/519"}],"wp:attachment":[{"href":"https:\/\/audio-com.eu\/index.php\/wp-json\/wp\/v2\/media?parent=444"}],"curies":[{"name":"wp","href":"https:\/\/api.w.org\/{rel}","templated":true}]}}