{"id":34,"date":"2021-08-30T19:52:27","date_gmt":"2021-08-30T17:52:27","guid":{"rendered":"http:\/\/audio-com.eu\/?page_id=34"},"modified":"2023-07-13T22:17:22","modified_gmt":"2023-07-13T20:17:22","slug":"badania","status":"publish","type":"page","link":"https:\/\/audio-com.eu\/index.php\/badania\/","title":{"rendered":"To jest wyr\u00f3b medyczny. U\u017cywaj go zgodnie z instrukcj\u0105 u\u017cywania lub etykiet\u0105."},"content":{"rendered":"\n<p><\/p>\n\n\n\n<p><\/p>\n\n\n\n<div class=\"wp-block-cover alignfull is-light\"><span aria-hidden=\"true\" class=\"wp-block-cover__background has-white-background-color has-background-dim-100 has-background-dim\"><\/span><div class=\"wp-block-cover__inner-container is-layout-flow wp-block-cover-is-layout-flow\">\n<div class=\"wp-block-columns alignwide is-layout-flex wp-container-core-columns-is-layout-9d6595d7 wp-block-columns-is-layout-flex\">\n<div class=\"wp-block-column is-layout-flow wp-block-column-is-layout-flow\">\n<p class=\"has-text-color has-large-font-size\" style=\"color:#000000;line-height:1.1\"><strong>BADANIA S\u0141UCHU<\/strong><\/p>\n<\/div>\n<\/div>\n\n\n\n<p><\/p>\n\n\n\n<div class=\"wp-block-columns is-layout-flex wp-container-core-columns-is-layout-9d6595d7 wp-block-columns-is-layout-flex\">\n<div class=\"wp-block-column is-layout-flow wp-block-column-is-layout-flow\" style=\"flex-basis:100%\">\n<div class=\"wp-block-group\"><div class=\"wp-block-group__inner-container is-layout-flow wp-block-group-is-layout-flow\">\n<figure class=\"wp-block-image size-large\"><img loading=\"lazy\" decoding=\"async\" width=\"1024\" height=\"768\" src=\"http:\/\/audio-com.eu\/wp-content\/uploads\/2021\/09\/uEBRnFwQ-1024x768.jpeg\" alt=\"\" class=\"wp-image-246\" srcset=\"https:\/\/audio-com.eu\/wp-content\/uploads\/2021\/09\/uEBRnFwQ-1024x768.jpeg 1024w, https:\/\/audio-com.eu\/wp-content\/uploads\/2021\/09\/uEBRnFwQ-300x225.jpeg 300w, https:\/\/audio-com.eu\/wp-content\/uploads\/2021\/09\/uEBRnFwQ-768x576.jpeg 768w, https:\/\/audio-com.eu\/wp-content\/uploads\/2021\/09\/uEBRnFwQ-1536x1152.jpeg 1536w, https:\/\/audio-com.eu\/wp-content\/uploads\/2021\/09\/uEBRnFwQ.jpeg 2048w\" sizes=\"auto, (max-width: 1024px) 100vw, 1024px\" \/><figcaption class=\"wp-element-caption\"><strong>Pracujemy na wysokiej klasy sprz\u0119cie specjalistycznym, oraz posiadamy profesjonaln\u0105 kabin\u0119 audiometryczn\u0105. Odpowiednie badania pomog\u0105 nam okre\u015bli\u0107 z jakim rodzajem ubytku s\u0142uchu mamy do czynienia i jakie rozwi\u0105zania wybra\u0107. Wyniki bada\u0144 zawsze omawiamy i okre\u015blamy profil s\u0142uchowy. Czasami niezb\u0119dne jest leczenie farmakologiczne lub operacyjne. Najcz\u0119\u015bciej jednak potrzebny jest odpowiednio dobrany aparat s\u0142uchowy<\/strong>.<\/figcaption><\/figure>\n<\/div><\/div>\n<\/div>\n<\/div>\n\n\n\n<div class=\"wp-block-columns is-layout-flex wp-container-core-columns-is-layout-9d6595d7 wp-block-columns-is-layout-flex\">\n<div class=\"wp-block-column is-layout-flow wp-block-column-is-layout-flow\"><\/div>\n<\/div>\n\n\n\n<p>Au<\/p>\n\n\n\n<p><\/p>\n\n\n\n<div class=\"wp-block-columns alignwide is-layout-flex wp-container-core-columns-is-layout-9d6595d7 wp-block-columns-is-layout-flex\">\n<div class=\"wp-block-column is-layout-flow wp-block-column-is-layout-flow\" style=\"flex-basis:67%\"><div class=\"wp-block-image\">\n<figure class=\"alignright size-full is-resized\"><img loading=\"lazy\" decoding=\"async\" src=\"http:\/\/audio-com.eu\/wp-content\/uploads\/2021\/11\/gDXslPCQ-2-1024x683-1.jpeg\" alt=\"\" class=\"wp-image-365\" width=\"563\" height=\"375\" srcset=\"https:\/\/audio-com.eu\/wp-content\/uploads\/2021\/11\/gDXslPCQ-2-1024x683-1.jpeg 1024w, https:\/\/audio-com.eu\/wp-content\/uploads\/2021\/11\/gDXslPCQ-2-1024x683-1-300x200.jpeg 300w, https:\/\/audio-com.eu\/wp-content\/uploads\/2021\/11\/gDXslPCQ-2-1024x683-1-768x512.jpeg 768w\" sizes=\"auto, (max-width: 563px) 100vw, 563px\" \/><\/figure>\n<\/div><\/div>\n\n\n\n<div class=\"wp-block-column is-vertically-aligned-center is-layout-flow wp-block-column-is-layout-flow\" style=\"flex-basis:33%\">\n<p class=\"has-text-color has-extra-small-font-size\" style=\"color:#000000\"><strong>Audiometria tonalna <\/strong><\/p>\n\n\n\n<p class=\"has-text-color has-extra-small-font-size\" style=\"color:#000000\"> Jest to podstawowe badanie s\u0142uchu, kt\u00f3re sk\u0142ada si\u0119 z wyznaczenia krzywej dla przewodnictwa powietrznego i kostnego. Wynik otrzymujemy w postaci audiogramu.<\/p>\n<\/div>\n<\/div>\n\n\n\n<div class=\"wp-block-group alignfull has-white-background-color has-background\"><div class=\"wp-block-group__inner-container is-layout-flow wp-block-group-is-layout-flow\">\n<div class=\"wp-block-columns alignwide is-layout-flex wp-container-core-columns-is-layout-9d6595d7 wp-block-columns-is-layout-flex\">\n<div class=\"wp-block-column is-layout-flow wp-block-column-is-layout-flow\" style=\"flex-basis:33.38%\">\n<p class=\"has-text-color has-extra-small-font-size\" style=\"color:#000000\"><\/p>\n\n\n\n<p><\/p>\n\n\n\n<p><\/p>\n\n\n\n<p class=\"has-text-color has-extra-small-font-size\" style=\"color:#000000\"><strong>Audiometria mowy<\/strong><\/p>\n\n\n\n<p class=\"has-text-color has-extra-small-font-size\" style=\"color:#000000\">Jest to badanie zdolno\u015bci rozumienia mowy za pomoc\u0105 test\u00f3w liczbowych i s\u0142ownych. Wynik w postaci procentowej.<\/p>\n<\/div>\n\n\n\n<div class=\"wp-block-column is-layout-flow wp-block-column-is-layout-flow\" style=\"flex-basis:33%\">\n<figure class=\"wp-block-image size-large is-resized\"><img loading=\"lazy\" decoding=\"async\" src=\"http:\/\/audio-com.eu\/wp-content\/uploads\/2021\/11\/IMG_5386-Edit-1-1024x683.jpg\" alt=\"\" class=\"wp-image-367\" width=\"521\" height=\"347\" srcset=\"https:\/\/audio-com.eu\/wp-content\/uploads\/2021\/11\/IMG_5386-Edit-1-1024x683.jpg 1024w, https:\/\/audio-com.eu\/wp-content\/uploads\/2021\/11\/IMG_5386-Edit-1-300x200.jpg 300w, https:\/\/audio-com.eu\/wp-content\/uploads\/2021\/11\/IMG_5386-Edit-1-768x512.jpg 768w, https:\/\/audio-com.eu\/wp-content\/uploads\/2021\/11\/IMG_5386-Edit-1-1536x1024.jpg 1536w, https:\/\/audio-com.eu\/wp-content\/uploads\/2021\/11\/IMG_5386-Edit-1.jpg 2048w\" sizes=\"auto, (max-width: 521px) 100vw, 521px\" \/><\/figure>\n\n\n\n<p><\/p>\n<\/div>\n<\/div>\n\n\n\n<div class=\"wp-block-columns alignwide is-layout-flex wp-container-core-columns-is-layout-9d6595d7 wp-block-columns-is-layout-flex\">\n<div class=\"wp-block-column is-layout-flow wp-block-column-is-layout-flow\" style=\"flex-basis:67%\"><div class=\"wp-block-image\">\n<figure class=\"alignright size-large\"><img loading=\"lazy\" decoding=\"async\" width=\"1024\" height=\"881\" src=\"http:\/\/audio-com.eu\/wp-content\/uploads\/2021\/11\/o14upkAA-1024x881.jpeg\" alt=\"\" class=\"wp-image-370\" srcset=\"https:\/\/audio-com.eu\/wp-content\/uploads\/2021\/11\/o14upkAA-1024x881.jpeg 1024w, https:\/\/audio-com.eu\/wp-content\/uploads\/2021\/11\/o14upkAA-300x258.jpeg 300w, https:\/\/audio-com.eu\/wp-content\/uploads\/2021\/11\/o14upkAA-768x661.jpeg 768w, https:\/\/audio-com.eu\/wp-content\/uploads\/2021\/11\/o14upkAA-1536x1322.jpeg 1536w, https:\/\/audio-com.eu\/wp-content\/uploads\/2021\/11\/o14upkAA.jpeg 1584w\" sizes=\"auto, (max-width: 1024px) 100vw, 1024px\" \/><\/figure>\n<\/div><\/div>\n\n\n\n<div class=\"wp-block-column is-vertically-aligned-center is-layout-flow wp-block-column-is-layout-flow\" style=\"flex-basis:33%\">\n<p class=\"has-text-color has-extra-small-font-size\" style=\"color:#000000\"><strong>Audiometria impedancyjna <\/strong><\/p>\n\n\n\n<p class=\"has-text-color has-extra-small-font-size\" style=\"color:#000000\">To badanie sk\u0142adaj\u0105ce si\u0119 z tympanometrii i odruch\u00f3w strzemi\u0105czkowych.&nbsp; Pozwala oceni\u0107 stan ucha \u015brodkowego. Wynik otrzymujemy w postaci krzywych tympanometrycznych. Odruch strzemi\u0105czkowy wyst\u0119puje przy prawid\u0142owym s\u0142uchu 70-90dB powy\u017cej progu s\u0142yszenia.<\/p>\n<\/div>\n<\/div>\n<\/div><\/div>\n\n\n\n<div class=\"wp-block-group alignfull has-white-background-color has-background\"><div class=\"wp-block-group__inner-container is-layout-flow wp-block-group-is-layout-flow\">\n<div class=\"wp-block-columns alignwide is-layout-flex wp-container-core-columns-is-layout-9d6595d7 wp-block-columns-is-layout-flex\">\n<div class=\"wp-block-column is-layout-flow wp-block-column-is-layout-flow\" style=\"flex-basis:33.38%\">\n<p><\/p>\n\n\n\n<p class=\"has-text-color has-extra-small-font-size\" style=\"color:#000000\"><strong>Pomiary REM <\/strong><\/p>\n\n\n\n<p class=\"has-text-color has-extra-small-font-size\" style=\"color:#000000\">pomiar w uchu pacjenta, kt\u00f3ry uwzgl\u0119dnia kszta\u0142t i wielko\u015b\u0107 przewodu s\u0142uchowego. Wyniki pomiar\u00f3w REM&nbsp; pozwalaj\u0105 na indywidualne dopasowanie aparatu s\u0142uchowego i precyzyjne ustawienie niekt\u00f3rych cz\u0119stotliwo\u015bci a przez to osi\u0105gni\u0119cie lepszego zrozumienia mowy i brzmienia aparatu<\/p>\n<\/div>\n\n\n\n<div class=\"wp-block-column is-layout-flow wp-block-column-is-layout-flow\" style=\"flex-basis:33%\">\n<figure class=\"wp-block-image size-large is-resized\"><img loading=\"lazy\" decoding=\"async\" src=\"http:\/\/audio-com.eu\/wp-content\/uploads\/2021\/09\/IMG_5382-1024x683.jpg\" alt=\"\" class=\"wp-image-195\" width=\"548\" height=\"365\" srcset=\"https:\/\/audio-com.eu\/wp-content\/uploads\/2021\/09\/IMG_5382-1024x683.jpg 1024w, https:\/\/audio-com.eu\/wp-content\/uploads\/2021\/09\/IMG_5382-300x200.jpg 300w, https:\/\/audio-com.eu\/wp-content\/uploads\/2021\/09\/IMG_5382-768x512.jpg 768w, https:\/\/audio-com.eu\/wp-content\/uploads\/2021\/09\/IMG_5382-1536x1024.jpg 1536w, https:\/\/audio-com.eu\/wp-content\/uploads\/2021\/09\/IMG_5382.jpg 2048w\" sizes=\"auto, (max-width: 548px) 100vw, 548px\" \/><\/figure>\n\n\n\n<p><\/p>\n<\/div>\n<\/div>\n<\/div><\/div>\n\n\n\n<div class=\"wp-block-group alignfull has-white-background-color has-background\"><div class=\"wp-block-group__inner-container is-layout-flow wp-block-group-is-layout-flow\">\n<div class=\"wp-block-columns alignwide is-layout-flex wp-container-core-columns-is-layout-9d6595d7 wp-block-columns-is-layout-flex\">\n<div class=\"wp-block-column is-layout-flow wp-block-column-is-layout-flow\" style=\"flex-basis:33.38%\">\n<p class=\"has-text-color has-extra-small-font-size\" style=\"color:#000000\"><\/p>\n\n\n\n<p><\/p>\n\n\n\n<p class=\"has-text-color has-extra-small-font-size\" style=\"color:#000000\"><strong>Videootoskopia<\/strong><\/p>\n\n\n\n<p class=\"has-text-color has-extra-small-font-size\" style=\"color:#000000\">Badanie polegaj\u0105ce na wprowadzeniu otoskopu z kamer\u0105 do przewodu s\u0142uchowego zewn\u0119trznego i ocenie stanu b\u0142ony b\u0119b\u0119kowej oraz przewodu s\u0142uchowego. Wynik w postaci zdj\u0119cia.<\/p>\n<\/div>\n\n\n\n<div class=\"wp-block-column is-layout-flow wp-block-column-is-layout-flow\" style=\"flex-basis:33%\">\n<figure class=\"wp-block-image size-large is-resized\"><img loading=\"lazy\" decoding=\"async\" src=\"http:\/\/audio-com.eu\/wp-content\/uploads\/2021\/09\/Q3ss9uVA-2-1024x683.jpeg\" alt=\"\" class=\"wp-image-194\" width=\"536\" height=\"357\" srcset=\"https:\/\/audio-com.eu\/wp-content\/uploads\/2021\/09\/Q3ss9uVA-2-1024x683.jpeg 1024w, https:\/\/audio-com.eu\/wp-content\/uploads\/2021\/09\/Q3ss9uVA-2-300x200.jpeg 300w, https:\/\/audio-com.eu\/wp-content\/uploads\/2021\/09\/Q3ss9uVA-2-768x512.jpeg 768w, https:\/\/audio-com.eu\/wp-content\/uploads\/2021\/09\/Q3ss9uVA-2-1536x1024.jpeg 1536w, https:\/\/audio-com.eu\/wp-content\/uploads\/2021\/09\/Q3ss9uVA-2.jpeg 2048w\" sizes=\"auto, (max-width: 536px) 100vw, 536px\" \/><\/figure>\n\n\n\n<p><\/p>\n<\/div>\n<\/div>\n\n\n\n<div class=\"wp-block-columns alignwide is-layout-flex wp-container-core-columns-is-layout-9d6595d7 wp-block-columns-is-layout-flex\">\n<div class=\"wp-block-column is-layout-flow wp-block-column-is-layout-flow\">\n<p><\/p>\n<\/div>\n<\/div>\n\n\n\n<div class=\"wp-block-columns alignwide is-layout-flex wp-container-core-columns-is-layout-9d6595d7 wp-block-columns-is-layout-flex\">\n<div class=\"wp-block-column is-layout-flow wp-block-column-is-layout-flow\" style=\"flex-basis:67%\"><div class=\"wp-block-image\">\n<figure class=\"alignright size-large\"><img loading=\"lazy\" decoding=\"async\" width=\"1024\" height=\"768\" src=\"http:\/\/audio-com.eu\/wp-content\/uploads\/2021\/09\/7GnvyglQ-2-1024x768.jpeg\" alt=\"\" class=\"wp-image-227\" srcset=\"https:\/\/audio-com.eu\/wp-content\/uploads\/2021\/09\/7GnvyglQ-2-1024x768.jpeg 1024w, https:\/\/audio-com.eu\/wp-content\/uploads\/2021\/09\/7GnvyglQ-2-300x225.jpeg 300w, https:\/\/audio-com.eu\/wp-content\/uploads\/2021\/09\/7GnvyglQ-2-768x576.jpeg 768w, https:\/\/audio-com.eu\/wp-content\/uploads\/2021\/09\/7GnvyglQ-2-1536x1152.jpeg 1536w, https:\/\/audio-com.eu\/wp-content\/uploads\/2021\/09\/7GnvyglQ-2.jpeg 2048w\" sizes=\"auto, (max-width: 1024px) 100vw, 1024px\" \/><\/figure>\n<\/div><\/div>\n\n\n\n<div class=\"wp-block-column is-vertically-aligned-center is-layout-flow wp-block-column-is-layout-flow\" style=\"flex-basis:33%\">\n<p class=\"has-text-color has-extra-small-font-size\" style=\"color:#000000\"><strong>UCL <\/strong><\/p>\n\n\n\n<p class=\"has-text-color has-extra-small-font-size\" style=\"color:#000000\">To to badanie progu dyskomfortu, potrzebne u os\u00f3b wra\u017cliwych na g\u0142o\u015bne d\u017awi\u0119ki.<\/p>\n<\/div>\n<\/div>\n<\/div><\/div>\n\n\n\n<p><\/p>\n<\/div><\/div>\n\n\n\n<figure class=\"wp-block-image size-full\"><img loading=\"lazy\" decoding=\"async\" width=\"1024\" height=\"442\" src=\"http:\/\/audio-com.eu\/wp-content\/uploads\/2021\/12\/Screenshot-2021-12-04-at-10.54.31-1-1024x442-1.png\" alt=\"\" class=\"wp-image-441\" srcset=\"https:\/\/audio-com.eu\/wp-content\/uploads\/2021\/12\/Screenshot-2021-12-04-at-10.54.31-1-1024x442-1.png 1024w, https:\/\/audio-com.eu\/wp-content\/uploads\/2021\/12\/Screenshot-2021-12-04-at-10.54.31-1-1024x442-1-300x129.png 300w, https:\/\/audio-com.eu\/wp-content\/uploads\/2021\/12\/Screenshot-2021-12-04-at-10.54.31-1-1024x442-1-768x332.png 768w\" sizes=\"auto, (max-width: 1024px) 100vw, 1024px\" \/><\/figure>\n","protected":false},"excerpt":{"rendered":"","protected":false},"author":1,"featured_media":129,"parent":0,"menu_order":0,"comment_status":"closed","ping_status":"closed","template":"","meta":{"footnotes":""},"class_list":["post-34","page","type-page","status-publish","has-post-thumbnail","hentry"],"_links":{"self":[{"href":"https:\/\/audio-com.eu\/index.php\/wp-json\/wp\/v2\/pages\/34","targetHints":{"allow":["GET"]}}],"collection":[{"href":"https:\/\/audio-com.eu\/index.php\/wp-json\/wp\/v2\/pages"}],"about":[{"href":"https:\/\/audio-com.eu\/index.php\/wp-json\/wp\/v2\/types\/page"}],"author":[{"embeddable":true,"href":"https:\/\/audio-com.eu\/index.php\/wp-json\/wp\/v2\/users\/1"}],"replies":[{"embeddable":true,"href":"https:\/\/audio-com.eu\/index.php\/wp-json\/wp\/v2\/comments?post=34"}],"version-history":[{"count":34,"href":"https:\/\/audio-com.eu\/index.php\/wp-json\/wp\/v2\/pages\/34\/revisions"}],"predecessor-version":[{"id":525,"href":"https:\/\/audio-com.eu\/index.php\/wp-json\/wp\/v2\/pages\/34\/revisions\/525"}],"wp:featuredmedia":[{"embeddable":true,"href":"https:\/\/audio-com.eu\/index.php\/wp-json\/wp\/v2\/media\/129"}],"wp:attachment":[{"href":"https:\/\/audio-com.eu\/index.php\/wp-json\/wp\/v2\/media?parent=34"}],"curies":[{"name":"wp","href":"https:\/\/api.w.org\/{rel}","templated":true}]}}