{"id":158,"date":"2021-09-12T18:20:35","date_gmt":"2021-09-12T16:20:35","guid":{"rendered":"http:\/\/audio-com.eu\/?page_id=158"},"modified":"2021-12-04T11:13:13","modified_gmt":"2021-12-04T10:13:13","slug":"kontakt-2","status":"publish","type":"page","link":"https:\/\/audio-com.eu\/index.php\/kontakt-2\/","title":{"rendered":"Kontakt"},"content":{"rendered":"\n<figure class=\"wp-block-gallery columns-1 is-cropped wp-block-gallery-1 is-layout-flex wp-block-gallery-is-layout-flex\"><ul class=\"blocks-gallery-grid\"><li class=\"blocks-gallery-item\"><figure><img loading=\"lazy\" decoding=\"async\" width=\"1024\" height=\"604\" src=\"http:\/\/audio-com.eu\/wp-content\/uploads\/2021\/09\/Screenshot-2021-09-12-at-18.09.23-1-1024x604.png\" alt=\"\" data-id=\"165\" data-full-url=\"http:\/\/audio-com.eu\/wp-content\/uploads\/2021\/09\/Screenshot-2021-09-12-at-18.09.23-1.png\" data-link=\"http:\/\/audio-com.eu\/index.php\/kontakt-2\/screenshot-2021-09-12-at-18-09-23-1\/\" class=\"wp-image-165\" srcset=\"https:\/\/audio-com.eu\/wp-content\/uploads\/2021\/09\/Screenshot-2021-09-12-at-18.09.23-1-1024x604.png 1024w, https:\/\/audio-com.eu\/wp-content\/uploads\/2021\/09\/Screenshot-2021-09-12-at-18.09.23-1-300x177.png 300w, https:\/\/audio-com.eu\/wp-content\/uploads\/2021\/09\/Screenshot-2021-09-12-at-18.09.23-1-768x453.png 768w, https:\/\/audio-com.eu\/wp-content\/uploads\/2021\/09\/Screenshot-2021-09-12-at-18.09.23-1-1536x905.png 1536w, https:\/\/audio-com.eu\/wp-content\/uploads\/2021\/09\/Screenshot-2021-09-12-at-18.09.23-1-2048x1207.png 2048w\" sizes=\"auto, (max-width: 1024px) 100vw, 1024px\" \/><\/figure><\/li><\/ul><\/figure>\n\n\n\n<div class=\"wp-block-media-text alignfull has-media-on-the-right is-stacked-on-mobile is-vertically-aligned-center is-style-default\" style=\"grid-template-columns:auto 56%\"><figure class=\"wp-block-media-text__media\"><img loading=\"lazy\" decoding=\"async\" width=\"1024\" height=\"744\" src=\"http:\/\/audio-com.eu\/wp-content\/uploads\/2021\/09\/Screenshot-2021-09-12-at-10.17.09-4-1024x744.png\" alt=\"\" class=\"wp-image-167 size-full\" srcset=\"https:\/\/audio-com.eu\/wp-content\/uploads\/2021\/09\/Screenshot-2021-09-12-at-10.17.09-4-1024x744.png 1024w, https:\/\/audio-com.eu\/wp-content\/uploads\/2021\/09\/Screenshot-2021-09-12-at-10.17.09-4-300x218.png 300w, https:\/\/audio-com.eu\/wp-content\/uploads\/2021\/09\/Screenshot-2021-09-12-at-10.17.09-4-768x558.png 768w, https:\/\/audio-com.eu\/wp-content\/uploads\/2021\/09\/Screenshot-2021-09-12-at-10.17.09-4-1536x1116.png 1536w, https:\/\/audio-com.eu\/wp-content\/uploads\/2021\/09\/Screenshot-2021-09-12-at-10.17.09-4.png 1720w\" sizes=\"auto, (max-width: 1024px) 100vw, 1024px\" \/><\/figure><div class=\"wp-block-media-text__content\">\n<h2 class=\"has-text-color wp-block-heading\" style=\"color:#000000\">Kontakt<\/h2>\n\n\n\n<p class=\"has-text-color\" style=\"color:#636363;font-size:17px;line-height:1.1\">AUDIO-COM Tatiana Janos<\/p>\n\n\n\n<p>ul. Pozna\u0144ska 26 (wej\u015bcie od \u015aw. Ducha)<\/p>\n\n\n\n<p>63-300 Pleszew<\/p>\n\n\n\n<p>tel. +48 627 427 679<\/p>\n\n\n\n<p>mail aparaty@audio-com.eu<\/p>\n<\/div><\/div>\n\n\n\n<figure class=\"wp-block-image size-large\"><img loading=\"lazy\" decoding=\"async\" width=\"1024\" height=\"442\" src=\"http:\/\/audio-com.eu\/wp-content\/uploads\/2021\/12\/Screenshot-2021-12-04-at-10.54.31-1-1024x442.png\" alt=\"\" class=\"wp-image-404\" srcset=\"https:\/\/audio-com.eu\/wp-content\/uploads\/2021\/12\/Screenshot-2021-12-04-at-10.54.31-1-1024x442.png 1024w, https:\/\/audio-com.eu\/wp-content\/uploads\/2021\/12\/Screenshot-2021-12-04-at-10.54.31-1-300x130.png 300w, https:\/\/audio-com.eu\/wp-content\/uploads\/2021\/12\/Screenshot-2021-12-04-at-10.54.31-1-768x332.png 768w, https:\/\/audio-com.eu\/wp-content\/uploads\/2021\/12\/Screenshot-2021-12-04-at-10.54.31-1.png 1458w\" sizes=\"auto, (max-width: 1024px) 100vw, 1024px\" \/><\/figure>\n\n\n\n<p><\/p>\n","protected":false},"excerpt":{"rendered":"<p>Kontakt AUDIO-COM Tatiana Janos ul. Pozna\u0144ska 26 (wej\u015bcie od \u015aw. Ducha) 63-300 Pleszew tel. +48 627 427 679 mail aparaty@audio-com.eu<\/p>\n","protected":false},"author":1,"featured_media":0,"parent":0,"menu_order":0,"comment_status":"closed","ping_status":"closed","template":"","meta":{"footnotes":""},"class_list":["post-158","page","type-page","status-publish","hentry"],"_links":{"self":[{"href":"https:\/\/audio-com.eu\/index.php\/wp-json\/wp\/v2\/pages\/158","targetHints":{"allow":["GET"]}}],"collection":[{"href":"https:\/\/audio-com.eu\/index.php\/wp-json\/wp\/v2\/pages"}],"about":[{"href":"https:\/\/audio-com.eu\/index.php\/wp-json\/wp\/v2\/types\/page"}],"author":[{"embeddable":true,"href":"https:\/\/audio-com.eu\/index.php\/wp-json\/wp\/v2\/users\/1"}],"replies":[{"embeddable":true,"href":"https:\/\/audio-com.eu\/index.php\/wp-json\/wp\/v2\/comments?post=158"}],"version-history":[{"count":4,"href":"https:\/\/audio-com.eu\/index.php\/wp-json\/wp\/v2\/pages\/158\/revisions"}],"predecessor-version":[{"id":421,"href":"https:\/\/audio-com.eu\/index.php\/wp-json\/wp\/v2\/pages\/158\/revisions\/421"}],"wp:attachment":[{"href":"https:\/\/audio-com.eu\/index.php\/wp-json\/wp\/v2\/media?parent=158"}],"curies":[{"name":"wp","href":"https:\/\/api.w.org\/{rel}","templated":true}]}}