{"id":11,"date":"2021-08-24T13:49:34","date_gmt":"2021-08-24T11:49:34","guid":{"rendered":"http:\/\/audio-com.eu\/?page_id=11"},"modified":"2021-12-04T11:13:35","modified_gmt":"2021-12-04T10:13:35","slug":"o-nas","status":"publish","type":"page","link":"https:\/\/audio-com.eu\/index.php\/o-nas\/","title":{"rendered":"O nas"},"content":{"rendered":"\n<div class=\"wp-block-group alignfull has-white-color has-white-background-color has-text-color has-background\"><div class=\"wp-block-group__inner-container is-layout-flow wp-block-group-is-layout-flow\">\n<div class=\"wp-block-columns alignwide are-vertically-aligned-center is-layout-flex wp-container-core-columns-is-layout-9d6595d7 wp-block-columns-is-layout-flex\">\n<div class=\"wp-block-column is-layout-flow wp-block-column-is-layout-flow\" style=\"flex-basis:50%\">\n<figure class=\"wp-block-image size-full is-resized\"><img loading=\"lazy\" decoding=\"async\" src=\"http:\/\/audio-com.eu\/wp-content\/uploads\/2021\/09\/logo-2.jpg\" alt=\"\" class=\"wp-image-130\" width=\"330\" height=\"177\" srcset=\"https:\/\/audio-com.eu\/wp-content\/uploads\/2021\/09\/logo-2.jpg 718w, https:\/\/audio-com.eu\/wp-content\/uploads\/2021\/09\/logo-2-300x160.jpg 300w\" sizes=\"auto, (max-width: 330px) 100vw, 330px\" \/><\/figure>\n<\/div>\n<\/div>\n\n\n\n<figure class=\"wp-block-gallery alignwide columns-1 is-cropped wp-block-gallery-1 is-layout-flex wp-block-gallery-is-layout-flex\"><ul class=\"blocks-gallery-grid\"><li class=\"blocks-gallery-item\"><figure><img loading=\"lazy\" decoding=\"async\" width=\"1024\" height=\"768\" src=\"http:\/\/audio-com.eu\/wp-content\/uploads\/2021\/09\/BXPI4C7A-1024x768.jpeg\" alt=\"\" data-id=\"134\" data-link=\"http:\/\/audio-com.eu\/index.php\/o-nas\/bxpi4c7a\/\" class=\"wp-image-134\" srcset=\"https:\/\/audio-com.eu\/wp-content\/uploads\/2021\/09\/BXPI4C7A-1024x768.jpeg 1024w, https:\/\/audio-com.eu\/wp-content\/uploads\/2021\/09\/BXPI4C7A-300x225.jpeg 300w, https:\/\/audio-com.eu\/wp-content\/uploads\/2021\/09\/BXPI4C7A-768x576.jpeg 768w, https:\/\/audio-com.eu\/wp-content\/uploads\/2021\/09\/BXPI4C7A-1536x1152.jpeg 1536w, https:\/\/audio-com.eu\/wp-content\/uploads\/2021\/09\/BXPI4C7A.jpeg 2048w\" sizes=\"auto, (max-width: 1024px) 100vw, 1024px\" \/><\/figure><\/li><\/ul><\/figure>\n\n\n\n<div class=\"wp-block-columns alignwide is-layout-flex wp-container-core-columns-is-layout-9d6595d7 wp-block-columns-is-layout-flex\">\n<div class=\"wp-block-column is-layout-flow wp-block-column-is-layout-flow\">\n<figure class=\"wp-block-image size-large is-resized\"><img loading=\"lazy\" decoding=\"async\" src=\"http:\/\/audio-com.eu\/wp-content\/uploads\/2021\/09\/jxM72PGA-1024x768.jpeg\" alt=\"\" class=\"wp-image-129\" width=\"328\" height=\"246\" srcset=\"https:\/\/audio-com.eu\/wp-content\/uploads\/2021\/09\/jxM72PGA-1024x768.jpeg 1024w, https:\/\/audio-com.eu\/wp-content\/uploads\/2021\/09\/jxM72PGA-300x225.jpeg 300w, https:\/\/audio-com.eu\/wp-content\/uploads\/2021\/09\/jxM72PGA-768x576.jpeg 768w, https:\/\/audio-com.eu\/wp-content\/uploads\/2021\/09\/jxM72PGA-1536x1152.jpeg 1536w, https:\/\/audio-com.eu\/wp-content\/uploads\/2021\/09\/jxM72PGA.jpeg 2048w\" sizes=\"auto, (max-width: 328px) 100vw, 328px\" \/><\/figure>\n<\/div>\n\n\n\n<div class=\"wp-block-column is-layout-flow wp-block-column-is-layout-flow\">\n<p class=\"has-text-color\" style=\"color:#000000;font-size:18px\">   <\/p>\n\n\n\n<div class=\"wp-block-group\"><div class=\"wp-block-group__inner-container is-layout-flow wp-block-group-is-layout-flow\">\n<p><\/p>\n\n\n\n<p><\/p>\n\n\n\n<div class=\"wp-block-columns is-layout-flex wp-container-core-columns-is-layout-9d6595d7 wp-block-columns-is-layout-flex\">\n<div class=\"wp-block-column is-layout-flow wp-block-column-is-layout-flow\" style=\"flex-basis:100%\">\n<p class=\"has-text-align-center has-text-color\" style=\"color:#000000;font-size:18px\">Firma Audio-com powsta\u0142a w 2000 roku. Od tego czasu zajmujemy si\u0119 kompleksowo obs\u0142ug\u0105 os\u00f3b \u017ale s\u0142ysz\u0105cych. Jeste\u015bmy dyplomowanymi protetykami s\u0142uchu i nieustannie podnosimy swoje kwalifikacje. Wiedza,wieloletnie do\u015bwiadczenie oraz indywidualne podej\u015bcie to co\u015b co jest obecne w naszej codziennej pracy.&nbsp;<\/p>\n<\/div>\n<\/div>\n<\/div><\/div>\n\n\n\n<div class=\"wp-block-columns is-layout-flex wp-container-core-columns-is-layout-9d6595d7 wp-block-columns-is-layout-flex\">\n<div class=\"wp-block-column is-layout-flow wp-block-column-is-layout-flow\" style=\"flex-basis:100%\"><\/div>\n<\/div>\n<\/div>\n<\/div>\n\n\n\n<figure class=\"wp-block-image size-large is-resized\"><img loading=\"lazy\" decoding=\"async\" src=\"http:\/\/audio-com.eu\/wp-content\/uploads\/2021\/09\/LfAcTdow-1024x683.jpeg\" alt=\"\" class=\"wp-image-137\" width=\"790\" height=\"526\" srcset=\"https:\/\/audio-com.eu\/wp-content\/uploads\/2021\/09\/LfAcTdow-1024x683.jpeg 1024w, https:\/\/audio-com.eu\/wp-content\/uploads\/2021\/09\/LfAcTdow-300x200.jpeg 300w, https:\/\/audio-com.eu\/wp-content\/uploads\/2021\/09\/LfAcTdow-768x512.jpeg 768w, https:\/\/audio-com.eu\/wp-content\/uploads\/2021\/09\/LfAcTdow-1536x1024.jpeg 1536w, https:\/\/audio-com.eu\/wp-content\/uploads\/2021\/09\/LfAcTdow.jpeg 2048w\" sizes=\"auto, (max-width: 790px) 100vw, 790px\" \/><\/figure>\n\n\n\n<div style=\"height:23px\" aria-hidden=\"true\" class=\"wp-block-spacer\"><\/div>\n\n\n\n<figure class=\"wp-block-image size-large\"><img loading=\"lazy\" decoding=\"async\" width=\"1024\" height=\"442\" src=\"http:\/\/audio-com.eu\/wp-content\/uploads\/2021\/12\/Screenshot-2021-12-04-at-10.54.31-1-1024x442.png\" alt=\"\" class=\"wp-image-404\" srcset=\"https:\/\/audio-com.eu\/wp-content\/uploads\/2021\/12\/Screenshot-2021-12-04-at-10.54.31-1-1024x442.png 1024w, https:\/\/audio-com.eu\/wp-content\/uploads\/2021\/12\/Screenshot-2021-12-04-at-10.54.31-1-300x130.png 300w, https:\/\/audio-com.eu\/wp-content\/uploads\/2021\/12\/Screenshot-2021-12-04-at-10.54.31-1-768x332.png 768w, https:\/\/audio-com.eu\/wp-content\/uploads\/2021\/12\/Screenshot-2021-12-04-at-10.54.31-1.png 1458w\" sizes=\"auto, (max-width: 1024px) 100vw, 1024px\" \/><\/figure>\n\n\n\n<p><\/p>\n<\/div><\/div>\n\n\n\n<p><\/p>\n","protected":false},"excerpt":{"rendered":"<p>Firma Audio-com powsta\u0142a w 2000 roku. Od tego czasu zajmujemy si\u0119 kompleksowo obs\u0142ug\u0105 os\u00f3b \u017ale s\u0142ysz\u0105cych. Jeste\u015bmy dyplomowanymi protetykami s\u0142uchu i nieustannie podnosimy swoje kwalifikacje. Wiedza,wieloletnie do\u015bwiadczenie oraz indywidualne podej\u015bcie to co\u015b co jest obecne w naszej codziennej pracy.&nbsp;<\/p>\n","protected":false},"author":1,"featured_media":0,"parent":0,"menu_order":0,"comment_status":"closed","ping_status":"closed","template":"","meta":{"footnotes":""},"class_list":["post-11","page","type-page","status-publish","hentry"],"_links":{"self":[{"href":"https:\/\/audio-com.eu\/index.php\/wp-json\/wp\/v2\/pages\/11","targetHints":{"allow":["GET"]}}],"collection":[{"href":"https:\/\/audio-com.eu\/index.php\/wp-json\/wp\/v2\/pages"}],"about":[{"href":"https:\/\/audio-com.eu\/index.php\/wp-json\/wp\/v2\/types\/page"}],"author":[{"embeddable":true,"href":"https:\/\/audio-com.eu\/index.php\/wp-json\/wp\/v2\/users\/1"}],"replies":[{"embeddable":true,"href":"https:\/\/audio-com.eu\/index.php\/wp-json\/wp\/v2\/comments?post=11"}],"version-history":[{"count":15,"href":"https:\/\/audio-com.eu\/index.php\/wp-json\/wp\/v2\/pages\/11\/revisions"}],"predecessor-version":[{"id":422,"href":"https:\/\/audio-com.eu\/index.php\/wp-json\/wp\/v2\/pages\/11\/revisions\/422"}],"wp:attachment":[{"href":"https:\/\/audio-com.eu\/index.php\/wp-json\/wp\/v2\/media?parent=11"}],"curies":[{"name":"wp","href":"https:\/\/api.w.org\/{rel}","templated":true}]}}